{"id":57,"date":"2019-08-30T09:36:54","date_gmt":"2019-08-30T09:36:54","guid":{"rendered":"https:\/\/wertte.petetronics.com\/w\/?page_id=57"},"modified":"2019-08-30T09:40:17","modified_gmt":"2019-08-30T09:40:17","slug":"57-2","status":"publish","type":"page","link":"https:\/\/wertte.petetronics.com\/w\/","title":{"rendered":"Tied\u00e4, \u00e4l\u00e4 luule"},"content":{"rendered":"\n<p>Kehitt\u00e4m\u00e4mme teknologia poistaa ep\u00e4varmuuden selk\u00e4vammojen ja riskialueiden mets\u00e4st\u00e4misest\u00e4.<\/p>\n","protected":false},"excerpt":{"rendered":"<p>Kehitt\u00e4m\u00e4mme teknologia poistaa ep\u00e4varmuuden selk\u00e4vammojen ja riskialueiden mets\u00e4st\u00e4misest\u00e4.<\/p>\n","protected":false},"author":1,"featured_media":0,"parent":0,"menu_order":0,"comment_status":"closed","ping_status":"closed","template":"","meta":[],"_links":{"self":[{"href":"https:\/\/wertte.petetronics.com\/w\/wp-json\/wp\/v2\/pages\/57"}],"collection":[{"href":"https:\/\/wertte.petetronics.com\/w\/wp-json\/wp\/v2\/pages"}],"about":[{"href":"https:\/\/wertte.petetronics.com\/w\/wp-json\/wp\/v2\/types\/page"}],"author":[{"embeddable":true,"href":"https:\/\/wertte.petetronics.com\/w\/wp-json\/wp\/v2\/users\/1"}],"replies":[{"embeddable":true,"href":"https:\/\/wertte.petetronics.com\/w\/wp-json\/wp\/v2\/comments?post=57"}],"version-history":[{"count":2,"href":"https:\/\/wertte.petetronics.com\/w\/wp-json\/wp\/v2\/pages\/57\/revisions"}],"predecessor-version":[{"id":63,"href":"https:\/\/wertte.petetronics.com\/w\/wp-json\/wp\/v2\/pages\/57\/revisions\/63"}],"wp:attachment":[{"href":"https:\/\/wertte.petetronics.com\/w\/wp-json\/wp\/v2\/media?parent=57"}],"curies":[{"name":"wp","href":"https:\/\/api.w.org\/{rel}","templated":true}]}}