{"id":53,"date":"2019-08-30T08:40:33","date_gmt":"2019-08-30T08:40:33","guid":{"rendered":"https:\/\/wertte.petetronics.com\/w\/?page_id=53"},"modified":"2019-08-30T14:19:18","modified_gmt":"2019-08-30T14:19:18","slug":"spina-v-0-0-poc","status":"publish","type":"page","link":"https:\/\/wertte.petetronics.com\/w\/spina-v-0-0-poc\/","title":{"rendered":"Spina (V.0.0 &#8211; POC)"},"content":{"rendered":"\n<p>Laitteemme varhaisin versio. Kaikin puolin karkea, mutta todisti idean toiminnallisuuden. Laite palkittiin TuKoKe:ssa (Suomen kansallinen tiede ja teknologia messu) sek\u00e4 osallistui kansainv\u00e4liseen messuun Phoenixissa, Arizonassa (ISEF).<\/p>\n\n\n\n<figure class=\"wp-block-embed-youtube wp-block-embed is-type-video is-provider-youtube wp-embed-aspect-16-9 wp-has-aspect-ratio\"><div class=\"wp-block-embed__wrapper\">\n<iframe loading=\"lazy\" title=\"Deadlift with motion capture suit (POC)\" width=\"1505\" height=\"847\" src=\"https:\/\/www.youtube.com\/embed\/qyUVpQzvWHA?feature=oembed\" frameborder=\"0\" allow=\"accelerometer; autoplay; encrypted-media; gyroscope; picture-in-picture\" allowfullscreen><\/iframe>\n<\/div><\/figure>\n\n\n\n<figure class=\"wp-block-embed-youtube wp-block-embed is-type-video is-provider-youtube wp-embed-aspect-16-9 wp-has-aspect-ratio\"><div class=\"wp-block-embed__wrapper\">\n<iframe loading=\"lazy\" title=\"Lumbar-spine (+T10-T12) motion capture suit for physiotherapy\" width=\"1505\" height=\"847\" src=\"https:\/\/www.youtube.com\/embed\/Z5GdVRkMgOk?feature=oembed\" frameborder=\"0\" allow=\"accelerometer; autoplay; encrypted-media; gyroscope; picture-in-picture\" allowfullscreen><\/iframe>\n<\/div><\/figure>\n\n\n\n<p>Laitteen n\u00e4ytteenottotaajuus oli hidas, ulkomuoto insin\u00f6\u00f6rim\u00e4isesti karkea, k\u00e4ytett\u00e4vyys huono. N\u00e4m\u00e4 kaikki paranivat ensimm\u00e4isess\u00e4 markkinaprototyypiss\u00e4, V.1.0:ssa.<\/p>\n","protected":false},"excerpt":{"rendered":"<p>Laitteemme varhaisin versio. Kaikin puolin karkea, mutta todisti idean toiminnallisuuden. Laite palkittiin TuKoKe:ssa (Suomen kansallinen tiede ja teknologia messu) sek\u00e4 osallistui kansainv\u00e4liseen messuun Phoenixissa, Arizonassa (ISEF). Laitteen n\u00e4ytteenottotaajuus oli hidas, ulkomuoto insin\u00f6\u00f6rim\u00e4isesti karkea, k\u00e4ytett\u00e4vyys huono. &hellip;<\/p>\n","protected":false},"author":1,"featured_media":0,"parent":0,"menu_order":0,"comment_status":"closed","ping_status":"closed","template":"","meta":[],"_links":{"self":[{"href":"https:\/\/wertte.petetronics.com\/w\/wp-json\/wp\/v2\/pages\/53"}],"collection":[{"href":"https:\/\/wertte.petetronics.com\/w\/wp-json\/wp\/v2\/pages"}],"about":[{"href":"https:\/\/wertte.petetronics.com\/w\/wp-json\/wp\/v2\/types\/page"}],"author":[{"embeddable":true,"href":"https:\/\/wertte.petetronics.com\/w\/wp-json\/wp\/v2\/users\/1"}],"replies":[{"embeddable":true,"href":"https:\/\/wertte.petetronics.com\/w\/wp-json\/wp\/v2\/comments?post=53"}],"version-history":[{"count":3,"href":"https:\/\/wertte.petetronics.com\/w\/wp-json\/wp\/v2\/pages\/53\/revisions"}],"predecessor-version":[{"id":56,"href":"https:\/\/wertte.petetronics.com\/w\/wp-json\/wp\/v2\/pages\/53\/revisions\/56"}],"wp:attachment":[{"href":"https:\/\/wertte.petetronics.com\/w\/wp-json\/wp\/v2\/media?parent=53"}],"curies":[{"name":"wp","href":"https:\/\/api.w.org\/{rel}","templated":true}]}}