{"id":47,"date":"2019-08-30T08:03:06","date_gmt":"2019-08-30T08:03:06","guid":{"rendered":"https:\/\/wertte.petetronics.com\/w\/?page_id=47"},"modified":"2019-08-30T14:46:18","modified_gmt":"2019-08-30T14:46:18","slug":"tavoitteemme","status":"publish","type":"page","link":"https:\/\/wertte.petetronics.com\/w\/tavoitteemme\/","title":{"rendered":"Visio"},"content":{"rendered":"\n<p>Me pyrimme poistamaan core-heikkouksista ja huonosta tekniikasta aiheutuvat sel\u00e4n rasitusvammat urheilusta. <\/p>\n\n\n\n<p>T\u00e4h\u00e4n tavoitteeseen p\u00e4\u00e4st\u00e4ksemme olemme  kehitt\u00e4neet uuden ty\u00f6kalun fysioterapeuteille ja l\u00e4\u00e4k\u00e4reille sel\u00e4n liikkeiden aktiiviseen seurantaan suorituksen aikana. <\/p>\n\n\n\n<p><\/p>\n","protected":false},"excerpt":{"rendered":"<p>Me pyrimme poistamaan core-heikkouksista ja huonosta tekniikasta aiheutuvat sel\u00e4n rasitusvammat urheilusta. T\u00e4h\u00e4n tavoitteeseen p\u00e4\u00e4st\u00e4ksemme olemme kehitt\u00e4neet uuden ty\u00f6kalun fysioterapeuteille ja l\u00e4\u00e4k\u00e4reille sel\u00e4n liikkeiden aktiiviseen seurantaan suorituksen aikana.<\/p>\n","protected":false},"author":1,"featured_media":0,"parent":0,"menu_order":0,"comment_status":"closed","ping_status":"closed","template":"","meta":[],"_links":{"self":[{"href":"https:\/\/wertte.petetronics.com\/w\/wp-json\/wp\/v2\/pages\/47"}],"collection":[{"href":"https:\/\/wertte.petetronics.com\/w\/wp-json\/wp\/v2\/pages"}],"about":[{"href":"https:\/\/wertte.petetronics.com\/w\/wp-json\/wp\/v2\/types\/page"}],"author":[{"embeddable":true,"href":"https:\/\/wertte.petetronics.com\/w\/wp-json\/wp\/v2\/users\/1"}],"replies":[{"embeddable":true,"href":"https:\/\/wertte.petetronics.com\/w\/wp-json\/wp\/v2\/comments?post=47"}],"version-history":[{"count":2,"href":"https:\/\/wertte.petetronics.com\/w\/wp-json\/wp\/v2\/pages\/47\/revisions"}],"predecessor-version":[{"id":182,"href":"https:\/\/wertte.petetronics.com\/w\/wp-json\/wp\/v2\/pages\/47\/revisions\/182"}],"wp:attachment":[{"href":"https:\/\/wertte.petetronics.com\/w\/wp-json\/wp\/v2\/media?parent=47"}],"curies":[{"name":"wp","href":"https:\/\/api.w.org\/{rel}","templated":true}]}}